{"id":56,"date":"2019-01-14T11:06:59","date_gmt":"2019-01-14T11:06:59","guid":{"rendered":"https:\/\/unmb.ro\/international\/?page_id=56"},"modified":"2019-09-23T13:24:44","modified_gmt":"2019-09-23T13:24:44","slug":"parteneriate","status":"publish","type":"page","link":"https:\/\/www.unmb.ro\/international\/parteneriate\/","title":{"rendered":"Parteneriate"},"content":{"rendered":"<p>Universitatea Na\u0163ional\u0103 de Muzic\u0103 din Bucure\u015fti este membr\u0103 a Asocia\u0163iei Europene a Conservatoarelor (Association Europ\u00e9ene de Conservatoires, Academies de Musique et Musikhochschulen) \u015fi partener activ \u00een promovarea proiectelor europene din domeniul \u00eenv\u0103\u0163\u0103m\u00e2ntului superior muzical.<br \/>\n&nbsp;<\/p>\n<h2>Parteneriate \u00een cadrul programului Erasmus:<\/h2>\n<p>\u00cencep\u00e2nd cu anul 2000 Universitatea Na\u0163ional\u0103 de Muzic\u0103 din Bucure\u015fti a ob\u0163inut dreptul de a derula Programul Socrates\/Erasmus \u015fi a dezvoltat rela\u0163ii de parteneriat cu numeroase conservatoare \u015fi universit\u0103\u0163i de muzic\u0103 europene. \u00cen prezent, \u00een cadrul noii genera\u021bii de programe ERASMUS +,  Universitatea Na\u0163ional\u0103 de Muzic\u0103 din Bucure\u015fti a \u00eencheiat contracte inter-institu\u021bionale cu peste 50 de conservatoare, academii \u015fi universit\u0103\u0163i de muzic\u0103 din Europa, iar acest proces este \u00een desf\u0103\u0219urare.<br \/>\n&nbsp;<\/p>\n<h2>Parteneriate \u00een cadrul programului CEEPUS:<\/h2>\n<p>Central European Exchange Program for University Studies este un program regional de mobilitati studenti\/profesori care a fost promovat \u015fi desf\u0103\u015furat de UNMB \u00eencep\u00e2nd cu anul 2004. <br \/>\nProgramul CEEPUS este finan\u0163at \u015fi sus\u0163inut de guvernele \u0163\u0103rilor participante \u015fi este coordonat de Ministerul Educa\u0163iei din Austria. Re\u0163elele CEEPUS pot fi promovate de cadre didactice \u015fi sunt evaluate \u015fi selectate la nivel na\u0163ional de Consiliul Na\u0163ional CEEPUS \u015fi la nivel interna\u0163ional de Comisia Interna\u0163ional\u0103 CEEPUS. Universitatea noastr\u0103 a fost selectat\u0103 \u00een 2005-2006 cu proiectul \u201cNew Cooperation Initiatives in the Central European Professional Music Training\u201d av\u00e2nd p\u00e2n\u0103 \u00een prezent 14 parteneri. <br \/> <br \/>\nStuden\u0163ii \u015fi profesorii interesa\u0163i de efectuarea unor mobilit\u0103\u0163i \u00een cadrul programului CEEPUS pot ob\u0163ine informa\u0163ii de la coordonatorul proiectului, conf. univ.dr.Lucia Costinescu.<br \/>\n&nbsp;<\/p>\n<h2>Proiectul FULBRIGHT:<\/h2>\n<p>\u00cen ultimii ani, Universitatea Na\u0163ional\u0103 de Muzic\u0103 s-a bucurat de prezen\u0163a unor bursieri Fulbright care au desf\u0103\u015furat programe de master, cercetare sau predare la specializ\u0103rile: dirijat orchestr\u0103, muzicologie, etnomuzicologie, instrumente de suflat \u015fi percu\u0163ie.<br \/>\n&nbsp;<\/p>\n<h2>Alte proiecte de cooperare mutual\u0103 \u00een domeniul educa\u0163iei \u015fi cercet\u0103rii muzicale:<\/h2>\n<ul type=\"disc\">\n<li>Russia Project \u2013 &ldquo;Europe through the eyes of Russians. Russia through the eyes of Europeans&rdquo; <\/li>\n<li>Euphony Central European Youth Orchestra \u2013 &ldquo;Franz Liszt&rdquo; Academy of Music Budapest <\/li>\n<li>&ldquo;International Week&rdquo; \u2013 University of Music and Dramatic Arts Graz <\/li>\n<li>&ldquo;European Platform for Artistic Research in Music at the Faculty of Music of the University of the Arts in Belgrade&rdquo; <\/li>\n<\/ul>\n<p>&nbsp;<\/p>\n","protected":false},"excerpt":{"rendered":"<p>Universitatea Na\u0163ional\u0103 de Muzic\u0103 din Bucure\u015fti este membr\u0103 a Asocia\u0163iei Europene a Conservatoarelor (Association Europ\u00e9ene de Conservatoires, Academies de Musique et Musikhochschulen) \u015fi partener activ \u00een promovarea proiectelor europene din domeniul \u00eenv\u0103\u0163\u0103m\u00e2ntului superior muzical. &nbsp; Parteneriate \u00een cadrul programului Erasmus: &hellip; <a href=\"https:\/\/www.unmb.ro\/international\/parteneriate\/\">Continue reading <span class=\"meta-nav\">&rarr;<\/span><\/a><\/p>\n","protected":false},"author":1,"featured_media":0,"parent":0,"menu_order":0,"comment_status":"closed","ping_status":"closed","template":"","meta":{"footnotes":""},"class_list":["post-56","page","type-page","status-publish","hentry"],"_links":{"self":[{"href":"https:\/\/www.unmb.ro\/international\/wp-json\/wp\/v2\/pages\/56","targetHints":{"allow":["GET"]}}],"collection":[{"href":"https:\/\/www.unmb.ro\/international\/wp-json\/wp\/v2\/pages"}],"about":[{"href":"https:\/\/www.unmb.ro\/international\/wp-json\/wp\/v2\/types\/page"}],"author":[{"embeddable":true,"href":"https:\/\/www.unmb.ro\/international\/wp-json\/wp\/v2\/users\/1"}],"replies":[{"embeddable":true,"href":"https:\/\/www.unmb.ro\/international\/wp-json\/wp\/v2\/comments?post=56"}],"version-history":[{"count":2,"href":"https:\/\/www.unmb.ro\/international\/wp-json\/wp\/v2\/pages\/56\/revisions"}],"predecessor-version":[{"id":139,"href":"https:\/\/www.unmb.ro\/international\/wp-json\/wp\/v2\/pages\/56\/revisions\/139"}],"wp:attachment":[{"href":"https:\/\/www.unmb.ro\/international\/wp-json\/wp\/v2\/media?parent=56"}],"curies":[{"name":"wp","href":"https:\/\/api.w.org\/{rel}","templated":true}]}}