{"id":54,"date":"2019-01-14T11:06:27","date_gmt":"2019-01-14T11:06:27","guid":{"rendered":"https:\/\/unmb.ro\/international\/?page_id=54"},"modified":"2021-11-17T11:31:42","modified_gmt":"2021-11-17T11:31:42","slug":"erasmus","status":"publish","type":"page","link":"https:\/\/www.unmb.ro\/international\/erasmus\/","title":{"rendered":"Erasmus +"},"content":{"rendered":"<p class=\"noindent\" style=\"color: red;\"><strong>Biroul ERASMUS + s-a mutat in cladirea noua, etajul III<\/strong><\/p>\n<p><a href=\"https:\/\/unmb.ro\/international\/call-selectie-granturi-erasmus-anul-academic-2022-2023\/\" style=\"color: red;\"><br \/>\nCALL Selec\u021bie granturi ERASMUS + anul academic 2022 \u2013 2023<\/a><br \/>\n<a href=\"https:\/\/unmb.ro\/international\/upcoming-master-classes-within-the-erasmus-programme\/\"><br \/>\nUpcoming master classes within the ERASMUS + Programme<\/a><br \/>\n<a title=\"VOXearlyMUS\" href=\"http:\/\/voxearlymus.unmb.ro\/\">VOXearlyMUS <\/a><\/p>\n<p>&nbsp;<\/p>\n<ul class=\"ilink\">\n<li><a class=\"scrollto\" href=\"#detalii\">Detalii privind structura programului<\/a><\/li>\n<li><a class=\"scrollto\" href=\"#parteneri\">Parteneri<\/a><\/li>\n<li><a class=\"scrollto\" href=\"#activitati\">Activit\u0103\u021bi ERASMUS<\/a><\/li>\n<li><a class=\"scrollto\" href=\"#feedback\">Feedback<\/a><\/li>\n<li><a class=\"scrollto\" href=\"#galerie\">Galerie foto<\/a><\/li>\n<\/ul>\n<p>&nbsp;<\/p>\n<p>Programul ERASMUS+, finan\u0163at de Comisia European\u0103 prin EACEA (Educational, Audivisual &#038; Culture Executive Agency) pentru activit\u0103\u0163i \u00een domeniile educa\u0163iei, culturii, tineretului \u015fi sportului, se desf\u0103\u015foar\u0103 \u00een perioada 2021 \u2013 2027.<br \/>\nInstitu\u0163iile europene de \u00eenv\u0103\u0163\u0103m\u00e2nt superior care doresc s\u0103 organizeze mobilit\u0103\u0163i individuale (de studiu\/plasament\/predare \u015fi formare profesional\u0103) \u015fi s\u0103 dezvolte partneriate strategice trebuie s\u0103 de\u0163in\u0103 Charta ERASMUS pentru \u00cenv\u0103\u0163\u0103m\u00e2nt Superior (ECHE).<br \/>\n\u00cen martie 2021, Universit\u0103\u0163ii Na\u0163ionale de Muzic\u0103 din Bucure\u015fti i s-a acordat acest document, ca urmare a aprob\u0103rii dosarului de aplica\u0163ie trimis la Comisia European\u0103.<br \/>\nUn capitol semnificativ al aplica\u0163iei l-a constituit <a href=\"http:\/\/www.unmb.ro\/wp-content\/uploads\/2010\/03\/Declara\u021bia-de-Politic\u0103-European\u0103.pdf\">Declara\u0163ia de Politic\u0103 European\u0103 (EPS)<\/a> &#8211; sintez\u0103 a strategiei de interna\u0163ionalizare a UNMB.<\/p>\n<p><a  id=\"inline\" href=\"#ildata\" class=\"fancybox-inline\"><img decoding=\"async\" src=\"https:\/\/unmb.ro\/international\/wp-content\/uploads\/2021\/03\/Carta-Erasmus-2021-202766961_Page_1-724x1024.jpg\" alt=\"\" width=\"500\" class=\"aligncenter size-large wp-image-244\" srcset=\"https:\/\/www.unmb.ro\/international\/wp-content\/uploads\/2021\/03\/Carta-Erasmus-2021-202766961_Page_1-724x1024.jpg 724w, https:\/\/www.unmb.ro\/international\/wp-content\/uploads\/2021\/03\/Carta-Erasmus-2021-202766961_Page_1-212x300.jpg 212w, https:\/\/www.unmb.ro\/international\/wp-content\/uploads\/2021\/03\/Carta-Erasmus-2021-202766961_Page_1-768x1087.jpg 768w, https:\/\/www.unmb.ro\/international\/wp-content\/uploads\/2021\/03\/Carta-Erasmus-2021-202766961_Page_1.jpg 1654w\" sizes=\"(max-width: 724px) 100vw, 724px\" \/><\/a><\/p>\n<div style=\"display:none\">\n<div id=\"ildata\" style=\"width:800px; height:700px\"><iframe loading=\"lazy\" class=\"wonderplugin-pdf-iframe\" src=\"https:\/\/www.unmb.ro\/international\/wp-content\/plugins\/wonderplugin-pdf-embed\/pdfjs\/web\/viewer.html?file=https%3A%2F%2Funmb.ro%2Finternational%2Fwp-content%2Fuploads%2F2021%2F03%2FCarta-Erasmus-2021-2027.pdf\" width=\"100%\" height=\"700px\" style=\"border:0;\"><\/iframe><\/div>\n<\/div>\n<p><br clear=\"all\" \/><\/p>\n<h2>1. Detaliile privind structura programului, caracteristicile \u015fi obiectivele ERASMUS + pot fi accesate consult\u00e2nd: <a id=\"detalii\"><\/a><\/h2>\n<ul>\n<li><a href=\"http:\/\/ec.europa.eu\/programmes\/erasmus-plus\/documents\/erasmus-plus-programme-guide_en.pdf\">http:\/\/ec.europa.eu\/programmes\/erasmus-plus\/documents\/erasmus-plus-programme-guide_en.pdf<\/a><\/li>\n<li><a href=\"http:\/\/www.anpcdefp.ro\/anpcdefp.php?link=61%20\">http:\/\/www.anpcdefp.ro\/anpcdefp.php?link=61<\/a><\/li>\n<\/ul>\n<p>&nbsp;<\/p>\n<h2>2. Parteneri<a id=\"parteneri\"><\/a><\/h2>\n<p>Procesul de semnare a acordurilor interinstitutionale (IIA) in cadrul noului program ERASMUS+ este \u00een desf\u0103\u0219urare, p\u00e2n\u0103 \u00een prezent \u00eenregistr\u00e2ndu-se un num\u0103r de aproximativ 50 de parteneriate. <a href=\"https:\/\/unmb.ro\/international\/wp-content\/uploads\/2019\/12\/PARTENERI-ERASMUS-actualizata-nov.2019.pdf\">Lista parteneri ERASMUS+<\/a><\/p>\n<h2>3. Activit\u0103\u021bi ERASMUS:<a id=\"activitati\"><\/a><\/h2>\n<p>KEY ACTION 103 Mobilit\u0103\u0163i individuale: de studiu\/plasament (pentru studen\u0163i), de predare \u015fi formare profesional\u0103 (pentru cadre didactice \u015fi personal administrativ) \u00een institu\u021bii din \u021b\u0103ri membre UE.<\/p>\n<p>KEY ACTION 107 Mobilit\u0103\u0163i individuale: de studiu\/plasament (pentru studen\u0163i), de predare \u015fi formare profesional\u0103 (pentru cadre didactice \u015fi personal administrativ) \u00een institu\u021bii din \u021b\u0103ri non-UE.<\/p>\n<p>&nbsp;<\/p>\n<p class=\"noindent\">Mobilit\u0103\u0163i de studiu (Student Mobility Study &#8211; SMS)<\/p>\n<ul>\n<li>Dubla selec\u0163ie Specificul \u00eenv\u0103\u0163\u0103m\u00e2ntului muzical superior presupune o pondere semnificativ\u0103 a disciplinelor cu predare individual\u0103 (instrumente, canto, compozi\u0163ie, muzicologie, dirijat), ceea ce face ca procesul de op\u0163iune \u015fi selec\u0163ie a studen\u0163ilor s\u0103 se desf\u0103\u015foare \u00een doua etape: selec\u0163ia intern\u0103 \u015fi selec\u0163ia efectuat\u0103 de catedrele de specialitate din institu\u0163iile gazda.<\/li>\n<li>Un student poate beneficia de o mobilitate ERASMUS \u00een cadrul fiec\u0103rui nivel de studiu (licen\u0163\u0103, master, doctorat).<\/li>\n<li>Durata stagiului Erasmus: minim un semestru \u015fi maxim un an academic.<\/li>\n<li><a href=\"https:\/\/www.unmb.ro\/wp-content\/uploads\/2013\/08\/MetodologieKA107.pdf\">Metodologie privind mobilit\u0103\u021bile, recunoa\u0219terea \u0219i echivalarea perioadelor de studii efectuate \u00een str\u0103in\u0103tate, \u00een cadrul programului ERASMUS+ KA 107<\/a><\/li>\n<li><a href=\"http:\/\/www.unmb.ro\/wp-content\/uploads\/2010\/03\/Calendarul-selec\u0163iei-candida\u0163ilor-Erasmus1.pdf\">Calendarul selec\u0163iei candida\u0163ilor Erasmus (Outgoing)<\/a><\/li>\n<li><a href=\"http:\/\/www.unmb.ro\/wp-content\/uploads\/2013\/08\/ghidul_studentului_erasmus-pentru-mobilitati-de-studiu.pdf\">Ghidul studentului Erasmus pentru mobilit\u0103\u0163i de studiu <\/a><\/li>\n<li>Instrumente Erasmus:\n<ul>\n<li><a href=\"http:\/\/www.unmb.ro\/wp-content\/uploads\/2010\/03\/Formular-Aplicatie-SELECTIE-ERASMUS-+.pdf\">Formular de aplicatie pt. selectia ERASMUS<\/a><\/li>\n<li><a href=\"http:\/\/www.unmb.ro\/wp-content\/uploads\/2013\/08\/Erasmus-+-student-application-form.doc\">ECTS Application Form<\/a><\/li>\n<li><a href=\"http:\/\/www.unmb.ro\/wp-content\/uploads\/2013\/08\/Anexa_V_HE_Learning-agreement_studies_form_2017.pdf\">Learning Agreement<\/a><\/li>\n<li><a href=\"http:\/\/www.unmb.ro\/wp-content\/uploads\/2013\/08\/Erasmus-student-Charter.pdf\">Erasmus Student Charter<\/a><\/li>\n<\/ul>\n<\/li>\n<\/ul>\n<p>&nbsp;<\/p>\n<p class=\"noindent\">Mobilit\u0103\u0163i de plasament (Student Mobility Placement \u2013 SMP)<\/p>\n<ul>\n<li>Acest tip de mobilitate reprezint\u0103 o activitate nou introdus\u0103 prin intermediul programului LLP Erasmus \u00eenc\u0103 din 2007. Universitatea Na\u0163ional\u0103 de Muzic\u0103 are deja experien\u0163\u0103 \u00een organizarea unor astfel de mobilit\u0103\u0163i la institu\u0163ii prestigioase de profil.<\/li>\n<li>Durata stagiului: minim 2 luni, maxim 6 luni.<\/li>\n<li><a href=\"http:\/\/www.unmb.ro\/wp-content\/uploads\/2010\/03\/Student-Mobility-Placement-ghid1.pdf\">Ghidul studentului Erasmus pentru mobilit\u0103\u0163i de plasament<\/a><\/li>\n<li>Instrumente Erasmus:\n<ul>\n<li><a href=\"http:\/\/www.unmb.ro\/wp-content\/uploads\/2013\/08\/Anexa_V_HE-Learning-agreement_traineeships_form_2017.pdf\">Learning Agreement for traineeship<\/a><\/li>\n<li><a href=\"http:\/\/www.unmb.ro\/wp-content\/uploads\/2013\/08\/Erasmus-student-Charter.pdf\">Erasmus Student Charter<\/a><\/li>\n<\/ul>\n<\/li>\n<\/ul>\n<p>&nbsp;<\/p>\n<p class=\"noindent\">Mobilita\u0163i de predare cadre didactice (Staff Teaching Assignment \u2013 STA)<\/p>\n<ul>\n<li>Scopul mobilitatilor de predare Erasmus: Grantul Erasmus se acord\u0103 profesorilor care au un proiect de \u00eembun\u0103t\u0103\u0163ire a metodelor si tehnicilor didactice, care \u00ee\u015fi propun s\u0103 contribuie la \u00eembun\u0103t\u0103\u0163irea curriculei universitare prin schimburi de experien\u0163\u0103 \u015fi bune practici cu colegii din institu\u0163iile europene de profil.<\/li>\n<li><a href=\"http:\/\/www.unmb.ro\/wp-content\/uploads\/2013\/08\/Dosar-de-aplicatie-ERASMUS-cadre-didactice.pdf\">Dosar de aplicatie ERASMUS cadre didactice<\/a><\/li>\n<li>Instrumente Erasmus:\n<ul>\n<li><a href=\"http:\/\/www.unmb.ro\/wp-content\/uploads\/2013\/08\/Cerere-tip-STA-ERASMUS-+.pdf\">Cerere tip STA<\/a><\/li>\n<li><a href=\"http:\/\/www.unmb.ro\/wp-content\/uploads\/2013\/08\/Staff-Mobility-for-Teaching-Mobility-Agreement.pdf\">Staff Mobility for Teaching Mobility Agreement<\/a><\/li>\n<li><a href=\"http:\/\/www.unmb.ro\/wp-content\/uploads\/2013\/08\/Successful-Completion-STA-ERASMUS-+.pdf\">Successful Completion STA ERASMUS +<\/a><\/li>\n<\/ul>\n<\/li>\n<\/ul>\n<p>&nbsp;<\/p>\n<p class=\"noindent\">Mobilit\u0103\u0163i de formare profesional\u0103 pentru cadre didactice \u015fi personal administrativ (Staff Training Mobility &#8211; STT)<\/p>\n<ul>\n<li>Scopul acestor mobilit\u0103\u0163i este de a \u00eembun\u0103t\u0103\u0163i metodele \u015fi tehnicile utilizate \u00een cadrul departamentelor administrative \u015fi auxiliare ale UNMB, precum \u015fi de a \u00eencuraja schimburile de experien\u0163\u0103 \u015fi bune practici cu insitu\u0163iile europene partenere.<\/li>\n<li>Instrumente Erasmus:\n<ul>\n<li><a href=\"http:\/\/www.unmb.ro\/wp-content\/uploads\/2013\/08\/Cerere-tip-STT-ERASMUS-+.pdf\">Cerere tip STT ERASMUS +<\/a><\/li>\n<li><a href=\"http:\/\/www.unmb.ro\/wp-content\/uploads\/2013\/08\/Staff-mobility-for-Training-Mobility-Agreement-.pdf\">Staff Mobility for Training Mobility Agreement <\/a><\/li>\n<li><a href=\"http:\/\/www.unmb.ro\/wp-content\/uploads\/2013\/08\/Successful-Completion-STT-ERASMUS-+-.pdf\">Successful Completion STA ERASMUS +<\/a><\/li>\n<\/ul>\n<\/li>\n<\/ul>\n<p>&nbsp;<\/p>\n<p>KEY ACTION 2 \u2013 Parteneriate strategice \u00een vederea inov\u0103rii \u015fi a schimbului de bune practici, cu \u0163\u0103ri participante la program (Program Countries) \u015fi cu parteneri din \u0163\u0103ri non &#8211; UE (Partner Countries).<br \/>\nCooperarea interuniversitar\u0103 transa\u0163ional\u0103 urm\u0103re\u015fte s\u0103 dezvolte ini\u0163iative care se adreseaz\u0103 unora sau mai multor domenii de educa\u0163ie \u015fi s\u0103 promoveze inova\u0163ia, schimbul de experien\u0163\u0103 \u015fi expertiz\u0103 (know-how) \u00eentre diferite tipuri de organiza\u0163ii implicate \u00een procesul de educa\u0163ie muzical\u0103 sau \u00een alte domenii relevante.<\/p>\n<p>&nbsp;<\/p>\n<h2 style=\"text-decoration: underline;\">4. <a href=\"http:\/\/www.unmb.ro\/?page_id=2667\">FEEDBACK<\/a><a id=\"feedback\"><\/a><\/h2>\n<p>&nbsp;<\/p>\n<h2 style=\"text-decoration: underline;\">5. <a href=\"http:\/\/www.unmb.ro\/?page_id=1365\">GALERIE FOTO<\/a><a id=\"galerie\"><\/a><\/h2>\n","protected":false},"excerpt":{"rendered":"<p>Biroul ERASMUS + s-a mutat in cladirea noua, etajul III CALL Selec\u021bie granturi ERASMUS + anul academic 2022 \u2013 2023 Upcoming master classes within the ERASMUS + Programme VOXearlyMUS &nbsp; Detalii privind structura programului Parteneri Activit\u0103\u021bi ERASMUS Feedback Galerie foto &hellip; <a href=\"https:\/\/www.unmb.ro\/international\/erasmus\/\">Continue reading <span class=\"meta-nav\">&rarr;<\/span><\/a><\/p>\n","protected":false},"author":1,"featured_media":0,"parent":0,"menu_order":0,"comment_status":"closed","ping_status":"closed","template":"","meta":{"footnotes":""},"class_list":["post-54","page","type-page","status-publish","hentry"],"_links":{"self":[{"href":"https:\/\/www.unmb.ro\/international\/wp-json\/wp\/v2\/pages\/54","targetHints":{"allow":["GET"]}}],"collection":[{"href":"https:\/\/www.unmb.ro\/international\/wp-json\/wp\/v2\/pages"}],"about":[{"href":"https:\/\/www.unmb.ro\/international\/wp-json\/wp\/v2\/types\/page"}],"author":[{"embeddable":true,"href":"https:\/\/www.unmb.ro\/international\/wp-json\/wp\/v2\/users\/1"}],"replies":[{"embeddable":true,"href":"https:\/\/www.unmb.ro\/international\/wp-json\/wp\/v2\/comments?post=54"}],"version-history":[{"count":23,"href":"https:\/\/www.unmb.ro\/international\/wp-json\/wp\/v2\/pages\/54\/revisions"}],"predecessor-version":[{"id":291,"href":"https:\/\/www.unmb.ro\/international\/wp-json\/wp\/v2\/pages\/54\/revisions\/291"}],"wp:attachment":[{"href":"https:\/\/www.unmb.ro\/international\/wp-json\/wp\/v2\/media?parent=54"}],"curies":[{"name":"wp","href":"https:\/\/api.w.org\/{rel}","templated":true}]}}