{"id":52,"date":"2019-01-14T11:05:53","date_gmt":"2019-01-14T11:05:53","guid":{"rendered":"https:\/\/unmb.ro\/international\/?page_id=52"},"modified":"2019-01-14T11:05:53","modified_gmt":"2019-01-14T11:05:53","slug":"despre-noi","status":"publish","type":"page","link":"https:\/\/www.unmb.ro\/international\/despre-noi\/","title":{"rendered":"Despre Noi"},"content":{"rendered":"<p>Universitatea  Na\u0163ional\u0103 de Muzic\u0103 din Bucure\u015fti este membr\u0103 a Asociatiei Europene a  Conservatoarelor (AEC). \u00cen aceast\u0103 calitate, particip\u0103 activ la evenimentele si  proiectele organizate \u015fi promovate de AEC, precum International Relations  Coordinators&#8217; Meeting, Congresul Anual al Rectorilor, POLIFONIA Erasmus  Network.<br \/>\n<\/p>\n<h3>Misiune<\/h3>\n<ul type=\"disc\">\n<li>Promovarea, dezvoltarea \u015fi implementarea       parteneriatelor institu\u0163ionale \u00een Europa \u015fi \u00een \u00eentreaga lume;<\/li>\n<li>Coordonarea, conducerea \u015fi evaluarea       Programelor Europene, prin implicarea\/participarea activ\u0103 a universit\u0103\u0163ii       \u00een programe precum ERASMUS, CEEPUS, SEE;<\/li>\n<li>Promovarea ofertei universit\u0103\u0163ii privind       programele educa\u0163ionale din str\u0103in\u0103tate;<\/li>\n<li>Interna\u0163ionalizarea programelor de formare \u015fi       preg\u0103tire universitar\u0103 a tinerilor muzicieni profesioni\u015fti;<\/li>\n<li>Consilierea \u015fi asisten\u0163a aplican\u0163ilor pentru       Programul Fulbright;<\/li>\n<\/ul>\n<p><\/p>\n<h3>Atribu\u021bii<\/h3>\n<ul type=\"disc\">\n<li>Promoveaz\u0103 \u015fi coordoneaz\u0103 programe       interna\u0163ionale de educa\u0163ie \u015fi formare profesional\u0103: LLP Erasmus, CEEPUS,       Fulbright \u015fi alte proiecte de cooperare mutual\u0103 cu institu\u0163ii \u015fi       organiza\u0163ii de profil;<\/li>\n<li>Elaboreaz\u0103 pachete de informa\u0163ii solicitate,       pe de-o parte, de studen\u0163ii UNMB interesa\u0163i de ob\u0163inerea unor mobilit\u0103\u0163i       de studiu \u00een str\u0103in\u0103tate \u015fi, pe de alt\u0103 parte, de c\u0103tre tineri din alte       \u0163\u0103ri care doresc s\u0103 studieze \u00een universitatea noastr\u0103;<\/li>\n<li>Asigur\u0103 comunicarea permanent\u0103 cu studen\u0163ii       UNMB beneficiari ai programelor desf\u0103\u015furate \u00een cadrul acestui departament;<\/li>\n<li>Consiliaz\u0103 studen\u0163ii       str\u0103ini ai universit\u0103\u0163ii;<\/li>\n<li>Preg\u0103te\u015fte \u015fi organizeaz\u0103       vizite \u015fi programe de predare pentru profesori \u00een cadrul schimburilor \u015fi       parteneriatelor institu\u0163ionale asumate de universitate;<\/li>\n<li>Particip\u0103 activ la       conferin\u0163e \u015fi \u00eent\u00e2lniri ale coordonatorilor de rela\u0163ii interna\u0163ionale din       facult\u0103\u0163i, academii \u015fi universit\u0103\u0163i de muzic\u0103 din Europa prin comunic\u0103ri,       \u015fi rapoarte privind exemplele de bune practici pe care Universitatea de       Muzic\u0103 din Bucure\u015fti le realizeaz\u0103;<\/li>\n<li>Asigur\u0103 o bun\u0103 comunicare       cu rectorul, cu facult\u0103\u0163ile \u015fi catedrele \u00een vederea monitoriz\u0103rii       activit\u0103\u0163ilor \u015fi proiectelor interna\u0163ionale \u015fi pentru alc\u0103tuirea bazei de       date \u00een acest domeniu;<\/li>\n<li>Ofer\u0103 servicii de consiliere \u00een carier\u0103       studen\u0163ilor UNMB;<\/li>\n<li>Organizeaz\u0103, manageriaz\u0103       \u015fi particip\u0103 activ la proiecte finan\u0163ate din Fonduri Sociale Europene,       precum\u00a0 <em>De la ucenicie la m\u0103iestrie \u00een practica dirijoral\u0103<\/em>,\u00a0 <em>Absolven\u0163ii       \u015fi pia\u0163a muncii. <\/em><em>Studiu na\u0163ional de monitorizare<\/em> , <em>MIDAS       &#8211; Institutul Muzical de Studii Doctorale Avansate.<\/em><\/li>\n<\/ul>\n<p><\/p>\n<h3>Activit\u0103\u021bi specifice<\/h3>\n<ul type=\"disc\">\n<li>Informeaz\u0103 \u015fi consiliaz\u0103 poten\u0163ialii       beneficiari ai programelor europene desf\u0103\u015furate \u015fi coordonate de c\u0103tre       DRIPC;<\/li>\n<li>Organizeaz\u0103 \u015fi monitorizeaz\u0103 mobilit\u0103\u0163i       studen\u0163e\u015fti \u015fi cadre didactice;<\/li>\n<li>Organizeaz\u0103 selec\u0163ia pentru mobilit\u0103\u0163i LLP       Erasmus;<\/li>\n<li>\u00centocme\u015fte \u015fi supune spre       aprobarea Biroului Senatului regulamentul \u015fi componen\u0163a comisiei pentru       examenul de selec\u0163ie;<\/li>\n<li>Gestioneaz\u0103 contractele       de finan\u0163are \u00eencheiate cu A.N.P.C.D.E.F.P.;<\/li>\n<li>\u00centocme\u015fte rapoarte c\u0103tre       MECTS, A.N.P.C.D.E.F.P \u015fi Comisia European\u0103;<\/li>\n<li>Asigur\u0103 avizarea tehnic\u0103 a propunerilor de       proiecte care implic\u0103 institu\u0163ia;<\/li>\n<li>Organizeaz\u0103 baza de date       cu partenerii institu\u0163iei \u015fi detalii despre ace\u015ftia;<\/li>\n<li>Consiliaz\u0103 studen\u0163ii \u015fi promotorii de proiecte       europene<\/li>\n<li>Organizeaz\u0103 evenimente de informare \u015fi       promovare a programelor europene, precum <em>Erasmus Open Doors<\/em>, <em>concertul       anual Erasmus<\/em>, \u00eent\u00e2lniri cu studen\u0163ii.<\/li>\n<\/ul>\n<p>Biroul de  Programe Comunitare (BPC) fiin\u0163eaz\u0103 \u00een baza OMEdC nr. 4282\/07.06.2005 \u015fi a aprob\u0103rii  Biroului Senatului UNMB din data de 13.06.2005 \u015fi este o structur\u0103 a Direc\u0163iei  de Rela\u0163ii Interna\u0163ionale. La nivel na\u0163ional este coordonat de A.N.P.C.D.E.F.P.  (Agen\u0163ia Na\u0163ional\u0103 pentru Programe Comunitare \u00een Domeniul Educa\u0163iei \u015fi Form\u0103rii  Profesionale) \u2013 <a href=\"www.anpcdefp.ro\" target=\"_blank\">www.anpcdefp.ro<\/a>.<\/p>\n<p class=\"indent\">BPC promoveaz\u0103 \u015fi coordoneaz\u0103 programele comunitare  de educa\u0163ie \u015fi formare profesional\u0103, precum LLP Erasmus (Invatare pe tot  parcursul vietii).<br \/>\n<\/p>\n<h1>Staff<\/h1>\n<h2>Director de departament<\/h2>\n<h3> Cezar Paul-B\u0103descu<\/h3>\n<table class=\"conactTable\">\n<tr>\n<td>Tel.\/fax:<\/td>\n<td>+4021.313.58.89<\/td>\n<\/tr>\n<tr>\n<td>E-mail:<\/td>\n<td><a href=\"mailto:cezar.paul.badescu@unmb.ro\">cezar.paul.badescu@unmb.ro<\/a><\/td>\n<\/tr>\n<tr>\n<td><\/td>\n<td><a href=\"mailto:international@unmb.ro\">international@unmb.ro<\/a><\/td>\n<\/tr>\n<\/table>\n<h2>Asistent<\/h2>\n<h3>Angela \u015eindeli<\/h3>\n<table class=\"conactTable\">\n<tr>\n<td>Tel.\/fax:<\/td>\n<td>+4021.314.26.10,  interior 166<\/td>\n<\/tr>\n<tr>\n<td>E-mail:<\/td>\n<td><a href=\"mailto:angela.sindeli@unmb.ro\">angela.sindeli@unmb.ro<\/a><\/td>\n<\/tr>\n<tr>\n<td><\/td>\n<td><a href=\"mailto:international@unmb.ro\">international@unmb.ro<\/a><\/td>\n<\/tr>\n<\/table>\n<h2>Asistent<\/h2>\n<h3>Lucian Martin<\/h3>\n<table class=\"conactTable\">\n<tr>\n<td>Tel.\/fax:<\/td>\n<td>+4021.314.26.10,  interior 166<\/td>\n<\/tr>\n<tr>\n<td>E-mail:<\/td>\n<td><a href=\"mailto:lucian.martin@unmb.ro\">lucian.martin@unmb.ro<\/a><\/td>\n<\/tr>\n<tr>\n<td><\/td>\n<td><a href=\"mailto:international@unmb.ro\">international@unmb.ro<\/a><\/td>\n<\/tr>\n<\/table>\n<h2>Admin. Financiar<\/h2>\n<h3>Carmen Tudor (colaborator)<\/h3>\n","protected":false},"excerpt":{"rendered":"<p>Universitatea Na\u0163ional\u0103 de Muzic\u0103 din Bucure\u015fti este membr\u0103 a Asociatiei Europene a Conservatoarelor (AEC). \u00cen aceast\u0103 calitate, particip\u0103 activ la evenimentele si proiectele organizate \u015fi promovate de AEC, precum International Relations Coordinators&#8217; Meeting, Congresul Anual al Rectorilor, POLIFONIA Erasmus Network. &hellip; <a href=\"https:\/\/www.unmb.ro\/international\/despre-noi\/\">Continue reading <span class=\"meta-nav\">&rarr;<\/span><\/a><\/p>\n","protected":false},"author":1,"featured_media":0,"parent":0,"menu_order":0,"comment_status":"closed","ping_status":"closed","template":"","meta":{"footnotes":""},"class_list":["post-52","page","type-page","status-publish","hentry"],"_links":{"self":[{"href":"https:\/\/www.unmb.ro\/international\/wp-json\/wp\/v2\/pages\/52","targetHints":{"allow":["GET"]}}],"collection":[{"href":"https:\/\/www.unmb.ro\/international\/wp-json\/wp\/v2\/pages"}],"about":[{"href":"https:\/\/www.unmb.ro\/international\/wp-json\/wp\/v2\/types\/page"}],"author":[{"embeddable":true,"href":"https:\/\/www.unmb.ro\/international\/wp-json\/wp\/v2\/users\/1"}],"replies":[{"embeddable":true,"href":"https:\/\/www.unmb.ro\/international\/wp-json\/wp\/v2\/comments?post=52"}],"version-history":[{"count":1,"href":"https:\/\/www.unmb.ro\/international\/wp-json\/wp\/v2\/pages\/52\/revisions"}],"predecessor-version":[{"id":53,"href":"https:\/\/www.unmb.ro\/international\/wp-json\/wp\/v2\/pages\/52\/revisions\/53"}],"wp:attachment":[{"href":"https:\/\/www.unmb.ro\/international\/wp-json\/wp\/v2\/media?parent=52"}],"curies":[{"name":"wp","href":"https:\/\/api.w.org\/{rel}","templated":true}]}}