{"id":51,"date":"2020-11-10T02:39:54","date_gmt":"2020-11-10T02:39:54","guid":{"rendered":"https:\/\/www.unmb.ro\/cncms\/?page_id=51"},"modified":"2020-12-08T03:12:10","modified_gmt":"2020-12-08T03:12:10","slug":"resurse","status":"publish","type":"page","link":"https:\/\/www.unmb.ro\/cncms\/resurse\/","title":{"rendered":"Resurse"},"content":{"rendered":"<p>CNCMS pune la dispozi\u021bia membrilor, partenerilor \u0219i colaboratorilor, cursan\u021bilor \u0219i comunit\u0103\u021bii academice a UNMB un fond digital de carte, partitur\u0103 \u0219i manuscrise \u0219i o baz\u0103 de date bibliografic\u0103 ce cuprinde peste 6000 de titluri \u0219i documente de referin\u021b\u0103 pentru cultura muzical\u0103 rom\u00e2neasc\u0103 \u0219i interna\u021bional\u0103 pe secolul al XIX-lea.<\/p>\n","protected":false},"excerpt":{"rendered":"CNCMS pune la dispozi\u021bia membrilor, partenerilor \u0219i colaboratorilor, cursan\u021bilor \u0219i comunit\u0103\u021bii academice a UNMB un fond digital de carte, partitur\u0103 \u0219i manuscrise \u0219i o baz\u0103 de date bibliografic\u0103 ce cuprinde peste 6000 de titluri \u0219i documente de referin\u021b\u0103 pentru cultura muzical\u0103 rom\u00e2neasc\u0103 \u0219i interna\u021bional\u0103 pe secolul al XIX-lea.","protected":false},"author":1,"featured_media":0,"parent":0,"menu_order":6,"comment_status":"closed","ping_status":"closed","template":"page-templates\/template-pagelist.php","meta":{"_acf_changed":false,"footnotes":""},"class_list":["post-51","page","type-page","status-publish","hentry"],"acf":[],"_links":{"self":[{"href":"https:\/\/www.unmb.ro\/cncms\/wp-json\/wp\/v2\/pages\/51","targetHints":{"allow":["GET"]}}],"collection":[{"href":"https:\/\/www.unmb.ro\/cncms\/wp-json\/wp\/v2\/pages"}],"about":[{"href":"https:\/\/www.unmb.ro\/cncms\/wp-json\/wp\/v2\/types\/page"}],"author":[{"embeddable":true,"href":"https:\/\/www.unmb.ro\/cncms\/wp-json\/wp\/v2\/users\/1"}],"replies":[{"embeddable":true,"href":"https:\/\/www.unmb.ro\/cncms\/wp-json\/wp\/v2\/comments?post=51"}],"version-history":[{"count":2,"href":"https:\/\/www.unmb.ro\/cncms\/wp-json\/wp\/v2\/pages\/51\/revisions"}],"predecessor-version":[{"id":713,"href":"https:\/\/www.unmb.ro\/cncms\/wp-json\/wp\/v2\/pages\/51\/revisions\/713"}],"wp:attachment":[{"href":"https:\/\/www.unmb.ro\/cncms\/wp-json\/wp\/v2\/media?parent=51"}],"curies":[{"name":"wp","href":"https:\/\/api.w.org\/{rel}","templated":true}]}}