{"id":49,"date":"2020-11-10T02:39:40","date_gmt":"2020-11-10T02:39:40","guid":{"rendered":"https:\/\/www.unmb.ro\/cncms\/?page_id=49"},"modified":"2025-07-14T12:10:55","modified_gmt":"2025-07-14T10:10:55","slug":"ansamblul-dimitrie-cantemir","status":"publish","type":"page","link":"https:\/\/www.unmb.ro\/cncms\/ansamblul-dimitrie-cantemir\/","title":{"rendered":"Ansamblul Dimitrie Cantemir"},"content":{"rendered":"<h2 class=\"kt-adv-heading1908_fa0b7d-c3 wp-block-kadence-advancedheading\" data-kb-block=\"kb-adv-heading1908_fa0b7d-c3\">Despre proiectul MACAM<\/h2>\n<p>&nbsp;<\/p>\n<p class=\"kt-adv-heading1908_c97bca-fd wp-block-kadence-advancedheading\" data-kb-block=\"kb-adv-heading1908_c97bca-fd\">Proiectul MACAM (Muzici \u0219i afecte la cur\u021bile aristocratice moldo-valahe) a urm\u0103rit cercetarea muzicologic\u0103, filologic\u0103 \u0219i istoric\u0103, precum \u0219i valorificarea concertistic\u0103 a muzicilor rom\u00e2ne\u0219ti, grece\u0219ti \u0219i otomane din secolele XVIII \u0219i XIX, interpretate \u00een timpul epocii fanariote (1711-1821) la cur\u021bile domne\u0219ti \u0219i boiere\u0219ti din Principate.<\/p>\n<p class=\"kt-adv-heading1908_523fe3-51 wp-block-kadence-advancedheading\" data-kb-block=\"kb-adv-heading1908_523fe3-51\">Peste 200 de crea\u021bii din manuscrise au fost studiate pentru a determina modul \u00een care macamurile orientale au influen\u021bat repertoriile autohtone de curte \u0219i de salon. O aten\u021bie aparte a fost acordat\u0103 pieselor ce reflectau atitudini mentale \u0219i sentimentale ale epocii sau relevau teme pu\u021bin explorate, precum anxietatea colonial\u0103 sau trauma transgenera\u021bional\u0103.<\/p>\n<p><a href=\"https:\/\/macam.ro\/\">https:\/\/macam.ro\/<\/a><\/p>\n","protected":false},"excerpt":{"rendered":"Despre proiectul MACAM &nbsp; Proiectul MACAM (Muzici \u0219i afecte la cur\u021bile aristocratice moldo-valahe) a urm\u0103rit cercetarea muzicologic\u0103, filologic\u0103 \u0219i istoric\u0103, precum \u0219i valorificarea concertistic\u0103 a muzicilor rom\u00e2ne\u0219ti, grece\u0219ti \u0219i otomane din secolele XVIII \u0219i XIX, interpretate \u00een timpul epocii fanariote (1711-1821) la cur\u021bile domne\u0219ti \u0219i boiere\u0219ti din Principate. Peste 200 de crea\u021bii din manuscrise au&#8230;","protected":false},"author":1,"featured_media":0,"parent":0,"menu_order":5,"comment_status":"closed","ping_status":"closed","template":"","meta":{"_acf_changed":false,"footnotes":""},"class_list":["post-49","page","type-page","status-publish","hentry"],"acf":[],"_links":{"self":[{"href":"https:\/\/www.unmb.ro\/cncms\/wp-json\/wp\/v2\/pages\/49","targetHints":{"allow":["GET"]}}],"collection":[{"href":"https:\/\/www.unmb.ro\/cncms\/wp-json\/wp\/v2\/pages"}],"about":[{"href":"https:\/\/www.unmb.ro\/cncms\/wp-json\/wp\/v2\/types\/page"}],"author":[{"embeddable":true,"href":"https:\/\/www.unmb.ro\/cncms\/wp-json\/wp\/v2\/users\/1"}],"replies":[{"embeddable":true,"href":"https:\/\/www.unmb.ro\/cncms\/wp-json\/wp\/v2\/comments?post=49"}],"version-history":[{"count":4,"href":"https:\/\/www.unmb.ro\/cncms\/wp-json\/wp\/v2\/pages\/49\/revisions"}],"predecessor-version":[{"id":1417,"href":"https:\/\/www.unmb.ro\/cncms\/wp-json\/wp\/v2\/pages\/49\/revisions\/1417"}],"wp:attachment":[{"href":"https:\/\/www.unmb.ro\/cncms\/wp-json\/wp\/v2\/media?parent=49"}],"curies":[{"name":"wp","href":"https:\/\/api.w.org\/{rel}","templated":true}]}}