{"id":39,"date":"2020-11-10T02:37:21","date_gmt":"2020-11-10T02:37:21","guid":{"rendered":"https:\/\/www.unmb.ro\/cncms\/?page_id=39"},"modified":"2020-12-08T07:59:53","modified_gmt":"2020-12-08T07:59:53","slug":"despre-noi","status":"publish","type":"page","link":"https:\/\/www.unmb.ro\/cncms\/despre-noi\/","title":{"rendered":"Despre noi"},"content":{"rendered":"<h2>Ini\u021biativa CNCMS<\/h2>\n<p><strong>Centre for Nineteenth-Century Music Studies<\/strong> (CNCMS) este o unitate de cercetare-dezvoltare de profil creat\u0103 printr-un proiect FDI \u00een anul 2020, cu scopul dezvolt\u0103rii capacit\u0103\u021bii de cercetare a \u0218colii Doctorale \u0219i a Direc\u021biei de Cercetare, Inovare \u0219i Informare (DCII) din cadrul Universit\u0103\u021bii Na\u021bionale de Muzic\u0103 Bucure\u0219ti (UNMB).<\/p>\n<p>CNCMS propune o platform\u0103 institu\u021bional\u0103 care s\u0103 promoveze cercetarea de v\u00e2rf din domeniul muzical \u0219i al studiilor conexe, axat\u0103 pe secolul al XIX-lea, prin cooperarea \u0219tiin\u021bific\u0103 \u0219i educa\u021bional\u0103 cu parteneri din \u021bar\u0103 \u0219i din str\u0103in\u0103tate.<\/p>\n<p>&nbsp;<\/p>\n<h2>Obiectivele CNCMS<\/h2>\n<ul>\n<li>Crearea unei re\u021bele de colaborare interna\u021bional\u0103 care s\u0103 ofere studen\u021bilor-doctoranzi \u0219i personalului didactic \u0219i de cercetare din UNMB, precum \u0219i institu\u021biilor partenere ale CNCMS, resurse \u0219tiin\u021bifice \u0219i expertiz\u0103 managerial\u0103 \u00een vederea ini\u021bierii \u0219i derul\u0103rii de proiecte interdisciplinare la nivel na\u021bional \u0219i interna\u021bional, av\u00e2nd ca subiect muzicile secolului al XIX-lea;<\/li>\n<li>Facilitarea \u0219i intensificarea transferului de cunoa\u0219tere \u0219i schimbului de experien\u021b\u0103 \u00eentre programele doctorale pe domeniul Muzic\u0103, prin indentificarea \u0219i atragerea de exper\u021bi interna\u021bionali (muzicologi, etnomuzicologi, compozitori, dirijori, manageri de institu\u021bii culturale \u0219i artistice) ca urmare a parteneriatelor pe care le agre\u0103m cu institu\u021biile similare din Rom\u00e2nia \u0219i din afara acesteia (universit\u0103\u021bi, institute de cercetare, organiza\u021bii profesionale etc.);<\/li>\n<li>Organizarea de conferin\u021be, workshop-uri, concerte, cursuri de m\u0103iestrie al c\u0103ror subiect \u00eel constituie muzicile secolului al XIX-lea;<\/li>\n<li>Extinderea bazei de date CNCMS \u0219i \u00eembog\u0103\u021birea constant\u0103 a acesteia cu noi resurse utile \u00een cercetarea muzicilor de secol XIX;<\/li>\n<li>Publicarea de cercet\u0103ri \u0219i lucr\u0103ri muzicale (comunic\u0103ri \u0219tiin\u021bifice, volume de specialitate, edi\u021bii critice de manuscrise \u0219i tip\u0103rituri de epoc\u0103, CD-uri \u0219i DVD-uri);<\/li>\n<li>Popularizarea preocup\u0103rilor fa\u021b\u0103 de cercetarea secolului al XIX-lea \u0219i promovarea activit\u0103\u021bilor CNCMS, ale Direc\u021biei de Cercetare, Inovare \u0219i Informare \u0219i ale \u0218colii Doctorale din UNMB la nivel na\u021bional, regional \u0219i interna\u021bional.<\/li>\n<\/ul>\n","protected":false},"excerpt":{"rendered":"Ini\u021biativa CNCMS Centre for Nineteenth-Century Music Studies (CNCMS) este o unitate de cercetare-dezvoltare de profil creat\u0103 printr-un proiect FDI \u00een anul 2020, cu scopul dezvolt\u0103rii capacit\u0103\u021bii de cercetare a \u0218colii Doctorale \u0219i a Direc\u021biei de Cercetare, Inovare \u0219i Informare (DCII) din cadrul Universit\u0103\u021bii Na\u021bionale de Muzic\u0103 Bucure\u0219ti (UNMB). CNCMS propune o platform\u0103 institu\u021bional\u0103 care s\u0103&#8230;","protected":false},"author":1,"featured_media":0,"parent":0,"menu_order":1,"comment_status":"closed","ping_status":"closed","template":"","meta":{"_acf_changed":false,"footnotes":""},"class_list":["post-39","page","type-page","status-publish","hentry"],"acf":[],"_links":{"self":[{"href":"https:\/\/www.unmb.ro\/cncms\/wp-json\/wp\/v2\/pages\/39","targetHints":{"allow":["GET"]}}],"collection":[{"href":"https:\/\/www.unmb.ro\/cncms\/wp-json\/wp\/v2\/pages"}],"about":[{"href":"https:\/\/www.unmb.ro\/cncms\/wp-json\/wp\/v2\/types\/page"}],"author":[{"embeddable":true,"href":"https:\/\/www.unmb.ro\/cncms\/wp-json\/wp\/v2\/users\/1"}],"replies":[{"embeddable":true,"href":"https:\/\/www.unmb.ro\/cncms\/wp-json\/wp\/v2\/comments?post=39"}],"version-history":[{"count":16,"href":"https:\/\/www.unmb.ro\/cncms\/wp-json\/wp\/v2\/pages\/39\/revisions"}],"predecessor-version":[{"id":718,"href":"https:\/\/www.unmb.ro\/cncms\/wp-json\/wp\/v2\/pages\/39\/revisions\/718"}],"wp:attachment":[{"href":"https:\/\/www.unmb.ro\/cncms\/wp-json\/wp\/v2\/media?parent=39"}],"curies":[{"name":"wp","href":"https:\/\/api.w.org\/{rel}","templated":true}]}}