{"id":1207,"date":"2023-02-01T19:55:49","date_gmt":"2023-02-01T17:55:49","guid":{"rendered":"https:\/\/www.unmb.ro\/cncms\/?page_id=1207"},"modified":"2023-02-01T19:55:57","modified_gmt":"2023-02-01T17:55:57","slug":"recuperarea-si-valorificarea-irmoaselor-calofonice-din-fondurile-muzicale-de-sec-xviii-si-xix","status":"publish","type":"page","link":"https:\/\/www.unmb.ro\/cncms\/en\/research\/2022-2\/recuperarea-si-valorificarea-irmoaselor-calofonice-din-fondurile-muzicale-de-sec-xviii-si-xix\/","title":{"rendered":"RECUPERAREA \u0218I VALORIFICAREA IRMOASELOR CALOFONICE DIN FONDURILE MUZICALE DE SEC. XVIII \u0218I XIX"},"content":{"rendered":"<h1>RECUPERAREA \u0218I VALORIFICAREA IRMOASELOR CALOFONICE DIN FONDURILE MUZICALE DE SEC. XVIII \u0218I XIX<\/h1>\n<p>\u00cen perioada februarie-iunie 2022, Universitatea Na\u021bional\u0103 de Muzic\u0103 din Bucure\u0219ti, Centrul de studii asupra muzicilor secolului al XIX-lea (CNCMS) \u0219i Asocia\u021bia REVIVART au derulat proiectul \u201eRecuperarea \u0219i valorificarea irmoaselor calofonice din fondurile muzicale de sec. XVIII \u0219i XIX\u201d. Scopul proiectului l-a constituit recuperarea, promovarea \u0219i reintroducerea \u00een circuitul interpretativ a unor c\u00e2nt\u0103ri inedite aflate \u00een manuscrise de muzic\u0103 bizantin\u0103, notate \u00een sisteme muzicale vechi, greu accesibile cercet\u0103torilor \u0219i interpre\u021bilor.<\/p>\n<p>&nbsp;<\/p>\n<p>Pe parcursul implement\u0103rii proiectului, echipa de speciali\u0219ti condus\u0103 de prof. univ. dr. habil. Nicolae Gheorghi\u021b\u0103 a cercetat peste 2000 de manuscrise muzicale psaltice din biblioteci din \u021bar\u0103 \u0219i din Sf\u00e2ntul Munte Athos, identific\u00e2nd crea\u021bii inedite, necunoscute publicului larg. Au fost culese din manuscrise aproape 420 de theseisuri (formule) \u00een vechea nota\u021bie \u0219i aproximativ 1150 de formule muzicale \u00een nota\u021bie hrisantic\u0103, cu ajutorul c\u0103rora au fost recuperate 13 c\u00e2ntece dup\u0103 o t\u0103cere de 300 de ani. Dintre acestea, zece piese au fost prezentate \u00een cadrul unor ateliere de interpretare muzical\u0103 \u0219i au fost imprimate pe CD. Tot \u00een cadrul proiectului au fost organizate zece ateliere de paleografie muzical\u0103 bizantin\u0103.<\/p>\n<p>&nbsp;<\/p>\n<p style=\"text-align: center;\"><iframe loading=\"lazy\" title=\"YouTube video player\" src=\"https:\/\/www.youtube.com\/embed\/Bqje9smy6xg\" width=\"560\" height=\"315\" frameborder=\"0\" allowfullscreen=\"allowfullscreen\"><\/iframe><\/p>\n<p>&nbsp;<\/p>\n<p>De asemenea, \u00eentre 1 aprilie \u0219i 17 mai 2022 a fost organizat Concursul na\u021bional de interpretare a muzicii bizantine <em>Sebastian Barbu-Bucur<\/em>, edi\u021bia a II-a, \u00een cadrul c\u0103ruia au fost acordate nou\u0103 premii. Interpret\u0103rile concuren\u021bilor clasa\u021bi pe podium (locurile I, II \u0219i III de la ambele categorii) au fost urm\u0103rite de peste 5000 de persoane.<\/p>\n<p>&nbsp;<\/p>\n<p style=\"text-align: center;\"><iframe loading=\"lazy\" title=\"YouTube video player\" src=\"https:\/\/www.youtube.com\/embed\/0ZQFXOci9E0\" width=\"560\" height=\"315\" frameborder=\"0\" allowfullscreen=\"allowfullscreen\"><\/iframe><\/p>\n<p>&nbsp;<\/p>\n<p>Pe 12 mai \u0219i 27 iunie 2022, forma\u021bia <em>Psalmodia<\/em> a Universit\u0103\u021bii Na\u021bionale de Muzic\u0103 Bucure\u0219ti a sus\u021binut dou\u0103 concerte de popularizare a crea\u021biilor recuperate semiografic.<\/p>\n<p><a href=\"https:\/\/www.youtube.com\/live\/O4IJsZHrEEY?feature=share\">https:\/\/www.youtube.com\/live\/O4IJsZHrEEY?feature=share<\/a><\/p>\n<p><a href=\"https:\/\/www.youtube.com\/live\/kC1_DsiqRh8?feature=share\">https:\/\/www.youtube.com\/live\/kC1_DsiqRh8?feature=share<\/a><\/p>\n<p>&nbsp;<\/p>\n<p>La finalul proiectului au fost lansate CD-ul audio \u201eKalophonic heirmoi. 17th-19th Century\u201d, \u00eenregistrat de forma\u021bia academic\u0103 <em>Psalmodia<\/em>, \u0219i volumul \u201eIrmoasele calofonice: catalog analitic, exighisire, transcriere \u0219i rom\u00e2nire\u201d, disponibile \u0219i \u00een format digital.<\/p>\n<p><a href=\"https:\/\/www.unmb.ro\/cncms\/publicatii\/irmoasele-calofonice-catalog-analitic-exighisire-transcriere-si-romanire\/\">https:\/\/www.unmb.ro\/cncms\/publicatii\/irmoasele-calofonice-catalog-analitic-exighisire-transcriere-si-romanire\/<\/a><\/p>\n<p><a href=\"https:\/\/www.unmb.ro\/cncms\/publicatii\/cd-kalophonic-heirmoi-17th-19th-century\/\">https:\/\/www.unmb.ro\/cncms\/publicatii\/cd-kalophonic-heirmoi-17th-19th-century\/<\/a><\/p>\n","protected":false},"excerpt":{"rendered":"RECUPERAREA \u0218I VALORIFICAREA IRMOASELOR CALOFONICE DIN FONDURILE MUZICALE DE SEC. XVIII \u0218I XIX \u00cen perioada februarie-iunie 2022, Universitatea Na\u021bional\u0103 de Muzic\u0103 din Bucure\u0219ti, Centrul de studii asupra muzicilor secolului al XIX-lea (CNCMS) \u0219i Asocia\u021bia REVIVART au derulat proiectul \u201eRecuperarea \u0219i valorificarea irmoaselor calofonice din fondurile muzicale de sec. XVIII \u0219i XIX\u201d. Scopul proiectului l-a constituit&#8230;","protected":false},"author":1,"featured_media":1186,"parent":1087,"menu_order":0,"comment_status":"closed","ping_status":"closed","template":"page-templates\/template-pagelist.php","meta":{"_acf_changed":false,"footnotes":""},"class_list":["post-1207","page","type-page","status-publish","has-post-thumbnail","hentry"],"acf":[],"_links":{"self":[{"href":"https:\/\/www.unmb.ro\/cncms\/wp-json\/wp\/v2\/pages\/1207","targetHints":{"allow":["GET"]}}],"collection":[{"href":"https:\/\/www.unmb.ro\/cncms\/wp-json\/wp\/v2\/pages"}],"about":[{"href":"https:\/\/www.unmb.ro\/cncms\/wp-json\/wp\/v2\/types\/page"}],"author":[{"embeddable":true,"href":"https:\/\/www.unmb.ro\/cncms\/wp-json\/wp\/v2\/users\/1"}],"replies":[{"embeddable":true,"href":"https:\/\/www.unmb.ro\/cncms\/wp-json\/wp\/v2\/comments?post=1207"}],"version-history":[{"count":2,"href":"https:\/\/www.unmb.ro\/cncms\/wp-json\/wp\/v2\/pages\/1207\/revisions"}],"predecessor-version":[{"id":1209,"href":"https:\/\/www.unmb.ro\/cncms\/wp-json\/wp\/v2\/pages\/1207\/revisions\/1209"}],"up":[{"embeddable":true,"href":"https:\/\/www.unmb.ro\/cncms\/wp-json\/wp\/v2\/pages\/1087"}],"wp:featuredmedia":[{"embeddable":true,"href":"https:\/\/www.unmb.ro\/cncms\/wp-json\/wp\/v2\/media\/1186"}],"wp:attachment":[{"href":"https:\/\/www.unmb.ro\/cncms\/wp-json\/wp\/v2\/media?parent=1207"}],"curies":[{"name":"wp","href":"https:\/\/api.w.org\/{rel}","templated":true}]}}